{"id":10,"date":"2024-11-30T02:56:37","date_gmt":"2024-11-30T02:56:37","guid":{"rendered":"https:\/\/avisosdeprivacidad.com.mx\/?page_id=10"},"modified":"2024-11-30T05:38:19","modified_gmt":"2024-11-30T05:38:19","slug":"acerca-de","status":"publish","type":"page","link":"https:\/\/avisosdeprivacidad.com.mx\/index.php\/acerca-de\/","title":{"rendered":"Acerca de"},"content":{"rendered":"\n<p>En <strong>avisos de privacidad MX<\/strong>, estamos comprometidos con ayudar a personas, empresas y organizaciones a cumplir con las disposiciones de la <strong>Ley  Federal de Protecci\u00f3n de Datos Personales en Posesi\u00f3n de los Particulares (LFPDPPP)<\/strong>.<\/p>\n\n\n\n<p>Entendemos  que  proteger  los  datos  personales  no  solo   es  una  obligaci\u00f3n   legal,   sino tambi\u00e9n  una  responsabilidad  \u00e9tica  hacia  clientes,  empleados  y  cualquier   persona   que interact\u00fae con tu negocio. Por eso, nos especializamos en simplificar y facilitar  la  creaci\u00f3n, gesti\u00f3n y  actualizaci\u00f3n de  <strong>avisos de privacidad<\/strong>,  garantizando  el  cumplimiento  normativo de manera pr\u00e1ctica y efectiva.<\/p>\n\n\n\n<h3 class=\"wp-block-heading\"><strong>Nuestra Misi\u00f3n<\/strong><\/h3>\n\n\n\n<p>Facilitar el cumplimiento de la LFPDPPP mediante soluciones accesibles, personalizadas y orientadas  a  crear  confianza   entre   las   organizaciones   y   las   personas    cuyos    datos personales se tratan.<\/p>\n\n\n\n<h3 class=\"wp-block-heading\"><strong>\u00bfQu\u00e9 Ofrecemos?<\/strong><\/h3>\n\n\n\n<ul class=\"wp-block-list\">\n<li><strong>Asesor\u00eda especializada:<\/strong> Te guiamos paso a paso para comprender  y  cumplir los requisitos de la LFPDPPP.<\/li>\n\n\n\n<li><strong>Generaci\u00f3n de avisos de privacidad personalizados:<\/strong> Dise\u00f1amos avisos claros y completos adaptados a las necesidades espec\u00edficas de tu negocio o actividad.<\/li>\n\n\n\n<li><strong>Capacitaci\u00f3n y herramientas:<\/strong> Ofrecemos recursos y capacitaci\u00f3n para que t\u00fa  y  tu  equipo puedan gestionar datos personales de manera adecuada.<\/li>\n\n\n\n<li><strong>Soporte continuo:<\/strong> Te  ayudamos  a  mantener  actualizados   tus  avisos   de   privacidad  y  a adaptarlos a cambios normativos o de operaci\u00f3n.<\/li>\n<\/ul>\n\n\n\n<h3 class=\"wp-block-heading\"><strong>\u00bfA qui\u00e9n nos dirigimos?<\/strong><\/h3>\n\n\n\n<p>Ya seas una persona f\u00edsica, una peque\u00f1a empresa o una organizaci\u00f3n m\u00e1s grande, nuestros servicios est\u00e1n  dise\u00f1ados  para  cubrir  tus  necesidades  espec\u00edficas  en  el  tratamiento  de datos personales, incluyendo  el  uso  de  tecnolog\u00edas  como  CCTV,  plataformas  digitales  o servicios en l\u00ednea.<\/p>\n\n\n\n<p>En <strong><strong>avisos de privacidad MX<\/strong><\/strong>, trabajamos para que el cumplimiento legal no sea un obst\u00e1culo, sino una oportunidad para fortalecer la confianza de tus clientes y colaboradores.<\/p>\n\n\n\n<p><strong>\u00a1Prot\u00e9gete, cumple con la ley y demuestra tu compromiso con la privacidad!<\/strong><\/p>\n","protected":false},"excerpt":{"rendered":"<p>En avisos de privacidad MX, estamos comprometidos con ayudar a personas, empresas y organizaciones a cumplir con las disposiciones de la Ley Federal de Protecci\u00f3n de Datos Personales en Posesi\u00f3n de los Particulares (LFPDPPP). Entendemos que proteger los datos personales no solo es una obligaci\u00f3n legal, sino tambi\u00e9n una responsabilidad \u00e9tica hacia clientes, empleados y &hellip; <\/p>\n<p class=\"link-more\"><a href=\"https:\/\/avisosdeprivacidad.com.mx\/index.php\/acerca-de\/\" class=\"more-link\">Continuar leyendo<span class=\"screen-reader-text\"> \u00abAcerca de\u00bb<\/span><\/a><\/p>\n","protected":false},"author":1,"featured_media":34,"parent":0,"menu_order":0,"comment_status":"closed","ping_status":"closed","template":"","meta":{"footnotes":""},"class_list":["post-10","page","type-page","status-publish","has-post-thumbnail","hentry"],"_links":{"self":[{"href":"https:\/\/avisosdeprivacidad.com.mx\/index.php\/wp-json\/wp\/v2\/pages\/10","targetHints":{"allow":["GET"]}}],"collection":[{"href":"https:\/\/avisosdeprivacidad.com.mx\/index.php\/wp-json\/wp\/v2\/pages"}],"about":[{"href":"https:\/\/avisosdeprivacidad.com.mx\/index.php\/wp-json\/wp\/v2\/types\/page"}],"author":[{"embeddable":true,"href":"https:\/\/avisosdeprivacidad.com.mx\/index.php\/wp-json\/wp\/v2\/users\/1"}],"replies":[{"embeddable":true,"href":"https:\/\/avisosdeprivacidad.com.mx\/index.php\/wp-json\/wp\/v2\/comments?post=10"}],"version-history":[{"count":6,"href":"https:\/\/avisosdeprivacidad.com.mx\/index.php\/wp-json\/wp\/v2\/pages\/10\/revisions"}],"predecessor-version":[{"id":68,"href":"https:\/\/avisosdeprivacidad.com.mx\/index.php\/wp-json\/wp\/v2\/pages\/10\/revisions\/68"}],"wp:featuredmedia":[{"embeddable":true,"href":"https:\/\/avisosdeprivacidad.com.mx\/index.php\/wp-json\/wp\/v2\/media\/34"}],"wp:attachment":[{"href":"https:\/\/avisosdeprivacidad.com.mx\/index.php\/wp-json\/wp\/v2\/media?parent=10"}],"curies":[{"name":"wp","href":"https:\/\/api.w.org\/{rel}","templated":true}]}}